{"id":156,"date":"2021-10-13T13:25:41","date_gmt":"2021-10-13T13:25:41","guid":{"rendered":"https:\/\/xn--leuchtkfer-w5a.com\/?page_id=156"},"modified":"2021-10-13T13:33:23","modified_gmt":"2021-10-13T13:33:23","slug":"geschaeftsbedingungen","status":"publish","type":"page","link":"https:\/\/xn--leuchtkfer-w5a.com\/?page_id=156","title":{"rendered":"Gesch\u00e4ftsbedingungen"},"content":{"rendered":"\t\t<div data-elementor-type=\"wp-page\" data-elementor-id=\"156\" class=\"elementor elementor-156\">\n\t\t\t\t\t\t\t\t\t<section class=\"elementor-section elementor-top-section elementor-element elementor-element-694ae66 elementor-section-boxed elementor-section-height-default elementor-section-height-default\" data-id=\"694ae66\" data-element_type=\"section\">\n\t\t\t\t\t\t<div class=\"elementor-container elementor-column-gap-default\">\n\t\t\t\t\t<div class=\"elementor-column elementor-col-100 elementor-top-column elementor-element elementor-element-b5dcb71\" data-id=\"b5dcb71\" data-element_type=\"column\">\n\t\t\t<div class=\"elementor-widget-wrap elementor-element-populated\">\n\t\t\t\t\t\t\t\t<div class=\"elementor-element elementor-element-a2c0d4f elementor-widget elementor-widget-text-editor\" data-id=\"a2c0d4f\" data-element_type=\"widget\" data-widget_type=\"text-editor.default\">\n\t\t\t\t<div class=\"elementor-widget-container\">\n\t\t\t<style>\/*! elementor - v3.7.8 - 02-10-2022 *\/\n.elementor-widget-text-editor.elementor-drop-cap-view-stacked .elementor-drop-cap{background-color:#818a91;color:#fff}.elementor-widget-text-editor.elementor-drop-cap-view-framed .elementor-drop-cap{color:#818a91;border:3px solid;background-color:transparent}.elementor-widget-text-editor:not(.elementor-drop-cap-view-default) .elementor-drop-cap{margin-top:8px}.elementor-widget-text-editor:not(.elementor-drop-cap-view-default) .elementor-drop-cap-letter{width:1em;height:1em}.elementor-widget-text-editor .elementor-drop-cap{float:left;text-align:center;line-height:1;font-size:50px}.elementor-widget-text-editor .elementor-drop-cap-letter{display:inline-block}<\/style>\t\t\t\t<h5 style=\"font-family: 'DM Sans', sans-serif; color: #333333;\"><span style=\"font-weight: bolder;\">Allgemeine Liefer- und Zahlungsbedingungen<\/span><\/h5><h6 style=\"font-family: 'DM Sans', sans-serif; color: #333333;\"><span style=\"font-weight: bolder;\">G. Beneke GmbH<\/span><\/h6><p style=\"color: #333333; font-family: 'DM Sans', sans-serif; font-size: 17px; font-weight: 100;\">F\u00fcr alle Vertragsbeziehungen zwischen unserer Firma und den inl\u00e4ndischen und ausl\u00e4ndischen Abnehmern unserer Erzeugnisse einschlie\u00dflich Arbeitsausf\u00fchrungen, wie z.B. Montagen und Reparaturen gelten die nachfolgenden Bedingungen:<\/p><p style=\"color: #333333; font-family: 'DM Sans', sans-serif; font-size: 17px; font-weight: 100;\">1. Unsere Angebote sind in allen F\u00e4llen freibleibend. Andere Vertragsbedingungen des Bestellers werden f\u00fcr uns nur verbindlich, wenn wir sie ausdr\u00fccklich schriftlich anerkennen. Weitere Vereinbarungen werden ung\u00fcltig, wenn wir sie nicht innerhalb einer Woche schriftlich best\u00e4tigen.<br \/>Der Liefervertrag soll gelten, auch wenn einzelne Abmachungen nicht wirksam sind. Der Besteller kann Rechte aus dem Vertrag nicht\u00a0 \u00fcbertragen.<\/p><p style=\"color: #333333; font-family: 'DM Sans', sans-serif; font-size: 17px; font-weight: 100;\">2. Lieferung und Transport erfolgen auf Gefahr und Kosten des Abnehmers. Eine Transportversicherung wird von uns nur im Auftrage und dann zu Lasten des Abnehmers abgeschlossen. Dies gilt auch f\u00fcr Waren- und Reparatursendungen, die wir \u201cfrei\u201d versenden. Zu Teillieferungen sind wir berechtigt. Die Lieferung erfolgt ab unserer Firma. Verpackungen k\u00f6nnen am Sitz unserer Firma zur\u00fcckgegeben werden.\u00a0 Eine Abholpflicht besteht auf jeden Fall nicht. Nach Ablauf einer Abnahmefrist sind wir zur Lieferung nicht mehr verpflichtet. Teillieferungen sind zul\u00e4ssig. Wir d\u00fcrfen vom Vertrag zur\u00fccktreten, Vorauszahlungen verlangen oder unsere Lieferungen von der Hergabe von Sicherheiten abh\u00e4ngig machen, wenn uns nach Vertragsabschluss Umst\u00e4nde bekannt werden, die Zweifel an der Kreditw\u00fcrdigkeit des Bestellers rechtfertigen. Diese Rechte bestehen insbesondere, wenn f\u00e4llige Forderungen trotz Mahnung nicht sofort beglichen werden.<\/p><p style=\"color: #333333; font-family: 'DM Sans', sans-serif; font-size: 17px; font-weight: 100;\">3. Nicht von uns zu vertretende Umst\u00e4nde und Ereignisse, die die Lieferung verhindern oder wesentlich erschweren, befreien uns f\u00fcr die Dauer ihrer Auswirkung von unseren Lieferpflichten. Schadensersatzanspr\u00fcche wegen Lieferverzug oder Unm\u00f6glichkeit der Lieferung sind ausgeschlossen, es sei denn, es liegen Vorsatz oder grobe Fahrl\u00e4ssigkeit vor oder ein Haftungsausschluss ist aus sonstigen Gr\u00fcnden gesetzlich nicht zul\u00e4ssig. Dem Abnehmer verbleibt jedoch das gesetzliche R\u00fccktrittsrecht.<\/p><p style=\"color: #333333; font-family: 'DM Sans', sans-serif; font-size: 17px; font-weight: 100;\">4. Die in den Preislisten angegebenen Preise sind freibleibend. Alle Preise verstehen sich auf Lieferung ab Werk, unverpackt, unversichert, unverzollt und ohne Mehrwertsteuer. Reparaturkosten sowie verauslagte Kosten sind grunds\u00e4tzlich nicht skontierbar. Ab dem F\u00e4lligkeitstermin unserer Forderungen sind wir berechtigt, Zinsen in H\u00f6he von 8 % \u00fcber dem Basiszinssatz der Europ\u00e4ischen Zentralbank zu berechnen. Uns zustehende etwaige weitergehende Anspr\u00fcche wegen Verzuges bleiben hiervon unber\u00fchrt.<\/p><p style=\"color: #333333; font-family: 'DM Sans', sans-serif; font-size: 17px; font-weight: 100;\">5. S\u00e4mtliche gelieferte Waren bleiben bis zur vollst\u00e4ndigen Zahlung aller aus der Gesch\u00e4ftsverbindung offen stehende Forderungen unser\u00a0 Eigentum. Wird im Zusammenhang mit der Bezahlung des Kaufpreises durch den Abnehmer eine wechselm\u00e4\u00dfige Haftung f\u00fcr uns begr\u00fcndet,\u00a0 erlischt der Eigentumsvorbehalt nicht vor Einl\u00f6sung des Wechsels durch den Abnehmer als Bezogenen. Die Be- und Verarbeitung unserer\u00a0 Vorbehaltsware erfolgt f\u00fcr uns, ohne dass uns hieraus Verpflichtungen erwachsen. Wird die von uns gelieferte Vorbehaltsware mit in fremdem\u00a0 Eigentum stehender Ware verarbeitet, verbunden oder vermischt, steht uns das Miteigentum an der neuen Sache oder dem vermischten Bestande in dem Bruchteil zu, der dem Rechnungswert unserer Ware zum Rechnungswert s\u00e4mtlicher fremder Waren im Zeitpunkt der Verarbeitung, Verbindung oder Vermischung entspricht. Erwirbt der Abnehmer das Alleineigentum an der neuen Sache, sind wir uns mit ihm dar\u00fcber einig, dass er uns im Verh\u00e4ltnis unseres Rechnungswertes der Vorbehaltsware zum Wert der \u00fcbrigen Sachen im Zeitpunkt der Verarbeitung, Verbindung oder Vermischung Miteigentum an der neuen Sache einr\u00e4umt. Der Abnehmer verwahrt diese unentgeltlich f\u00fcr uns. Die entstehende neue Sache gilt als Vorbehaltsware im Sinne dieser Bedingungen. Nur Wiederverk\u00e4ufern ist die Weiterver\u00e4u\u00dferung unserer Ware, sei es vor oder nach Verarbeitung und nur im ordnungsgem\u00e4\u00dfen Gesch\u00e4ftsgang gestattet. Eine Weiterver\u00e4u\u00dferung ist untersagt, wenn die Forderungen aus dem Weiterverkauf nicht auf uns \u00fcbergehen. Forderungen des K\u00e4ufers aus der Weiterver\u00e4u\u00dferung unserer Vorbehaltsware werden schon jetzt an uns abgetreten, und zwar gleich, ob die Ver\u00e4u\u00dferung ohne oder nach Verarbeitung, Verbindung oder Vermischung unserer Ware mit anderen uns nicht geh\u00f6renden Waren oder zusammen mit fremden Waren erfolgt. Wir nehmen die Abtretung an. Die abgetretenen Forderungen dienen zur Sicherung aller unserer Forderungen aus der Gesch\u00e4ftsverbindung. Bei Ver\u00e4u\u00dferung der Vorbehaltsware nach Verarbeitung, Verbindung oder Vermischung mit anderen uns nicht geh\u00f6renden Waren gilt die Abtretung der Forderung in H\u00f6he unseres Rechnungswertes unserer Vorbehaltsware. Der K\u00e4ufer ist erm\u00e4chtigt, die abgetretenen Forderung so lange einzuziehen, wie er seinen Zahlungsverpflichtungen uns gegen-\u00fcber ordnungsgem\u00e4\u00df nachkommt und nicht in Verm\u00f6gensverfall ger\u00e4t.<br \/>Die Beeintr\u00e4chtigung unserer Eigentumsrechte durch Dritte, insbesondere bei Beschlagnahme oder Pf\u00e4ndung der Ware, hat uns der K\u00e4ufer sofort unter \u00dcbersendung der ihm verf\u00fcgbaren Unterlagen (z.B. Pf\u00e4ndungsprotokolle) mitzuteilen und den Dritten auf unser Eigentumsrecht hinzuweisen. Die uns durch die Rechtsbeeintr\u00e4chtigung entstehenden Kosten werden dem K\u00e4ufer belastet. Soweit der Wert der uns gegebenen Sicherheiten unsere Forderungen um mehr als 20% \u00fcbersteigt, sind wir auf Verlangen des K\u00e4ufers nach unserer Wahl zur Freigabe von Sicherheiten verpflichtet. Musterlieferungen sind ausdr\u00fccklich als solche gekennzeichnet. Der Besteller ist berechtigt, die als Musterlieferung gelieferte Ware binnen 4 Wochen ab Datum des Versandtages zur\u00fcckzugeben. Die R\u00fccknahme erfolgt nur im Originalzustand frei Haus. Nach Ablauf einer Frist von 6 Wochen ab Datum des Versandtages erfolgt Rechnungsstellung bez\u00fcglich der Musterlieferung.<\/p>\t\t\t\t\t\t<\/div>\n\t\t\t\t<\/div>\n\t\t\t\t\t<\/div>\n\t\t<\/div>\n\t\t\t\t\t\t\t<\/div>\n\t\t<\/section>\n\t\t\t\t\t\t\t<\/div>\n\t\t","protected":false},"excerpt":{"rendered":"<p>Allgemeine Liefer- und Zahlungsbedingungen G. Beneke GmbH F\u00fcr alle Vertragsbeziehungen zwischen unserer Firma und den inl\u00e4ndischen und ausl\u00e4ndischen Abnehmern unserer Erzeugnisse einschlie\u00dflich Arbeitsausf\u00fchrungen, wie z.B. Montagen und Reparaturen gelten die nachfolgenden Bedingungen: 1. Unsere Angebote sind in allen F\u00e4llen freibleibend. Andere Vertragsbedingungen des Bestellers werden f\u00fcr uns nur verbindlich, wenn wir sie ausdr\u00fccklich schriftlich anerkennen. [&hellip;]<\/p>\n","protected":false},"author":1,"featured_media":0,"parent":0,"menu_order":0,"comment_status":"closed","ping_status":"closed","template":"","meta":[],"_links":{"self":[{"href":"https:\/\/xn--leuchtkfer-w5a.com\/index.php?rest_route=\/wp\/v2\/pages\/156"}],"collection":[{"href":"https:\/\/xn--leuchtkfer-w5a.com\/index.php?rest_route=\/wp\/v2\/pages"}],"about":[{"href":"https:\/\/xn--leuchtkfer-w5a.com\/index.php?rest_route=\/wp\/v2\/types\/page"}],"author":[{"embeddable":true,"href":"https:\/\/xn--leuchtkfer-w5a.com\/index.php?rest_route=\/wp\/v2\/users\/1"}],"replies":[{"embeddable":true,"href":"https:\/\/xn--leuchtkfer-w5a.com\/index.php?rest_route=%2Fwp%2Fv2%2Fcomments&post=156"}],"version-history":[{"count":7,"href":"https:\/\/xn--leuchtkfer-w5a.com\/index.php?rest_route=\/wp\/v2\/pages\/156\/revisions"}],"predecessor-version":[{"id":169,"href":"https:\/\/xn--leuchtkfer-w5a.com\/index.php?rest_route=\/wp\/v2\/pages\/156\/revisions\/169"}],"wp:attachment":[{"href":"https:\/\/xn--leuchtkfer-w5a.com\/index.php?rest_route=%2Fwp%2Fv2%2Fmedia&parent=156"}],"curies":[{"name":"wp","href":"https:\/\/api.w.org\/{rel}","templated":true}]}}